{"id":7,"date":"2019-05-19T20:21:41","date_gmt":"2019-05-19T19:21:41","guid":{"rendered":"https:\/\/lemondedekikahome.wordpress.com\/?page_id=2"},"modified":"2019-09-07T15:09:03","modified_gmt":"2019-09-07T13:09:03","slug":"a-propos","status":"publish","type":"page","link":"https:\/\/lekikh.com\/index.php\/a-propos\/","title":{"rendered":"&#8230;de l&rsquo;andouille qui r\u00e9dige ces pages"},"content":{"rendered":"\n<p>Comment ne pas se sentir superbement flou\u00e9 en repensant \u00e0 ses ann\u00e9es d\u2019apprentissage ?! Dans mon cas, 25 ans \u2013 un sacr\u00e9 nom de Zeus de quart de si\u00e8cle&nbsp;! \u2013 avant d\u2019\u00eatre l\u00e2ch\u00e9 dans la nature avec enfin le droit de payer mes propres factures. Et personne \u2013 pas un parent, pas un enseignant, pas un \u00e9ducateur, pas un pr\u00eatre au-dessus de tout soup\u00e7on \u2013 n\u2019a daign\u00e9 me dire un mot, me donner une le\u00e7on, sur les trois choses les plus importantes qui soient \u2013 et dont d\u00e9pend manifestement toute chance d\u2019acc\u00e9der au bonheur avant que la mort ne s\u2019empare de moi tel le chacal bondissant sur les restes sanguinolents de la d\u00e9licate gazelle&nbsp;: les relations interpersonnelles, la poursuite du bonheur, et le choix d\u00e9licat mais \u00f4 combien critique des valeurs qui devraient, un jour, constituer mes crit\u00e8res d\u2019\u00e9valuation de la r\u00e9ussite dans la conduite des deux premi\u00e8res.<\/p>\n\n\n\n<p>Mais de l\u00e0 \u00e0 ouvrir un blog, r\u00e9sidu habituellement insipide d\u2019une \u00e8re r\u00e9volue des internets, certains se demanderont si l\u2019auteur de ces quelques lignes n\u2019aurait pas l\u00e9g\u00e8rement forc\u00e9 sur l\u2019infusion ayurv\u00e9dique. Fallait-il vraiment en arriver \u00e0 de tels exp\u00e9dients&nbsp;? Ne pouvait-il se confier \u00e0 un psychologue, \u00e0 un coach de vie, ou m\u00eame \u00e0 la rigueur \u00e0 un armurier&nbsp;?<\/p>\n\n\n\n<p>Certes, tous ces gens formidables auraient pu m\u2019apporter quelques pistes int\u00e9ressantes pour \u00e9vacuer mon l\u00e9gitime courroux. Mais la plume virtuelle a un m\u00e9rite que n\u2019ont pas les trois individus susmentionn\u00e9s&nbsp;: elle ne co\u00fbte pas un pr\u00e9puce*. Juste un nom de domaine avec une extension grotesque, et un ordinateur personnel \u2013 outils de toutes fa\u00e7ons indispensable pour rester inform\u00e9 des derni\u00e8res actualit\u00e9s et visiter les sites th\u00e9matiques destin\u00e9s \u00e0 vaincre la solitude de ce monde d\u00e9braill\u00e9 et d\u00e9nu\u00e9 de sens.<\/p>\n\n\n\n<p>Entre deux recherches tr\u00e8s pertinentes sur la reproduction des <em>homo sapiens&nbsp;<\/em>en milieux prot\u00e9g\u00e9s, votre guide d\u00e9vou\u00e9 \u2013 dont le nom d\u2019emprunt est \u00e9videmment destin\u00e9 \u00e0 \u00e9viter la honte supr\u00eame \u00e0 sa g\u00e9nitrice qui a d\u00e9j\u00e0 trop souffert de son humour con \u2013 vous proposera donc sur ce blog ses r\u00e9flexions, toutes moins pertinentes les unes que les autres, sur des th\u00e8mes habituellement snob\u00e9s par les m\u00e9dias <em>mainstream<\/em>. \u00ab&nbsp;Autoroutes&nbsp;: les squatteurs de la bande du milieu m\u00e9ritent-ils de vivre&nbsp;?&nbsp;\u00bb&nbsp;; \u00ab&nbsp;Le port du legging&nbsp;: impardonnable faute de go\u00fbt, ou simple distraction&nbsp;?&nbsp;\u00bb&nbsp;; \u00ab&nbsp;A-t-on vraiment le droit de se moquer des infirmes&nbsp;? Le cas de The Voice Belgique&nbsp;\u00bb\u2026 autant de sujets d\u2019une importance cruciale que nous (mal)traiterons ici, avec un soup\u00e7on de mauvaise foi, dont l\u2019usage est d\u00e9cri\u00e9 mais pourtant si n\u00e9cessaire \u00e0 la sant\u00e9 mentale.<\/p>\n\n\n\n<p>Qu\u2019on se le dise&nbsp;: le b\u00eate est l\u00e2ch\u00e9**.<\/p>\n\n\n\n<p>Kika<\/p>\n\n\n\n<p>* Oui, \u00ab&nbsp;la peau du gland&nbsp;\u00bb est certes une expression sympathique, mais je la trouve un rien vulgaire pour un blog de cette qualit\u00e9.<\/p>\n\n\n\n<p>** Ne supposez jamais que les fautes d\u2019orthographes en sont vraiment. Je fais tr\u00e8s attention.<\/p>\n","protected":false},"excerpt":{"rendered":"<p>Comment ne pas se sentir superbement flou\u00e9 en repensant \u00e0 ses ann\u00e9es d\u2019apprentissage ?! Dans mon cas, 25 ans \u2013 un sacr\u00e9 nom de Zeus de quart de si\u00e8cle&nbsp;! \u2013 avant d\u2019\u00eatre l\u00e2ch\u00e9 dans la nature avec enfin le droit de payer mes propres factures. Et personne \u2013 pas un parent, pas un enseignant, pas [&hellip;]<\/p>\n","protected":false},"author":1,"featured_media":0,"parent":0,"menu_order":1,"comment_status":"closed","ping_status":"closed","template":"","meta":{"footnotes":""},"class_list":["post-7","page","type-page","status-publish","hentry"],"jetpack_sharing_enabled":false,"_links":{"self":[{"href":"https:\/\/lekikh.com\/index.php\/wp-json\/wp\/v2\/pages\/7","targetHints":{"allow":["GET"]}}],"collection":[{"href":"https:\/\/lekikh.com\/index.php\/wp-json\/wp\/v2\/pages"}],"about":[{"href":"https:\/\/lekikh.com\/index.php\/wp-json\/wp\/v2\/types\/page"}],"author":[{"embeddable":true,"href":"https:\/\/lekikh.com\/index.php\/wp-json\/wp\/v2\/users\/1"}],"replies":[{"embeddable":true,"href":"https:\/\/lekikh.com\/index.php\/wp-json\/wp\/v2\/comments?post=7"}],"version-history":[{"count":1,"href":"https:\/\/lekikh.com\/index.php\/wp-json\/wp\/v2\/pages\/7\/revisions"}],"predecessor-version":[{"id":1364,"href":"https:\/\/lekikh.com\/index.php\/wp-json\/wp\/v2\/pages\/7\/revisions\/1364"}],"wp:attachment":[{"href":"https:\/\/lekikh.com\/index.php\/wp-json\/wp\/v2\/media?parent=7"}],"curies":[{"name":"wp","href":"https:\/\/api.w.org\/{rel}","templated":true}]}}